{"id":60,"date":"2026-02-18T17:30:34","date_gmt":"2026-02-18T17:30:34","guid":{"rendered":"https:\/\/xn--zeichenbrobasic-6vb.at\/?page_id=60"},"modified":"2026-02-18T17:30:34","modified_gmt":"2026-02-18T17:30:34","slug":"ueber-mich","status":"publish","type":"page","link":"https:\/\/xn--zeichenbrobasic-6vb.at\/index.php\/ueber-mich\/","title":{"rendered":"\u00dcBER MICH"},"content":{"rendered":"\n<div class=\"wp-block-group has-global-padding is-layout-constrained wp-block-group-is-layout-constrained\">\n<div class=\"wp-block-media-text is-stacked-on-mobile\"><figure class=\"wp-block-media-text__media\"><img loading=\"lazy\" decoding=\"async\" width=\"915\" height=\"1024\" src=\"https:\/\/xn--zeichenbrobasic-6vb.at\/wp-content\/uploads\/2026\/02\/PetraBasic-915x1024.jpg\" alt=\"\" class=\"wp-image-11 size-full\" srcset=\"https:\/\/xn--zeichenbrobasic-6vb.at\/wp-content\/uploads\/2026\/02\/PetraBasic-915x1024.jpg 915w, https:\/\/xn--zeichenbrobasic-6vb.at\/wp-content\/uploads\/2026\/02\/PetraBasic-268x300.jpg 268w, https:\/\/xn--zeichenbrobasic-6vb.at\/wp-content\/uploads\/2026\/02\/PetraBasic-768x860.jpg 768w, https:\/\/xn--zeichenbrobasic-6vb.at\/wp-content\/uploads\/2026\/02\/PetraBasic.jpg 1037w\" sizes=\"auto, (max-width: 915px) 100vw, 915px\" \/><\/figure><div class=\"wp-block-media-text__content\">\n<p class=\"is-style-text-subtitle has-medium-font-size is-style-text-subtitle--1\" style=\"line-height:0.5\">DI Petra Basic, BSc<\/p>\n\n\n\n<p class=\"has-small-font-size\" style=\"line-height:0.5\">office@zeichenb\u00fcrobasic.at<\/p>\n\n\n\n<p class=\"has-small-font-size\" style=\"line-height:0.5\">Tel.: 0699 10682627<\/p>\n\n\n\n<p class=\"has-small-font-size\" style=\"line-height:0.5\">Standort: St. P\u00f6lten<\/p>\n<\/div><\/div>\n\n\n\n<p class=\"has-medium-font-size\"><strong>2023<\/strong> Gr\u00fcndung des Zeichenb\u00fcros; <strong>2019<\/strong> Abschluss Architekturstudium, Technische Universit\u00e4t Wien; <strong>2016 \u2013 2021<\/strong> Architekturb\u00fcro mit Schwerpunkt: Wohnbau in Wien und N\u00d6; <strong>2012 \u2013 2016<\/strong> Architekt\u00fcrb\u00fcro mit Schwerpunkt: \u00d6BA und Baustellenkontrolle, Wettbewerbe; <strong>2008 \u2013 2014<\/strong> Assistenz Caroline Seidler, Werbe- und Verlagsbereich; <strong>2007<\/strong> Abschluss Modeschule Hetzendorf, 1120 Wien<\/p>\n<\/div>\n\n\n\n<p><\/p>\n","protected":false},"excerpt":{"rendered":"<p>DI Petra Basic, BSc office@zeichenb\u00fcrobasic.at Tel.: 0699 10682627 Standort: St. P\u00f6lten 2023 Gr\u00fcndung des Zeichenb\u00fcros; 2019 Abschluss Architekturstudium, Technische Universit\u00e4t Wien; 2016 \u2013 2021 Architekturb\u00fcro mit Schwerpunkt: Wohnbau in Wien und N\u00d6; 2012 \u2013 2016 Architekt\u00fcrb\u00fcro mit Schwerpunkt: \u00d6BA und Baustellenkontrolle, Wettbewerbe; 2008 \u2013 2014 Assistenz Caroline Seidler, Werbe- und Verlagsbereich; 2007 Abschluss Modeschule Hetzendorf, [&hellip;]<\/p>\n","protected":false},"author":1,"featured_media":0,"parent":0,"menu_order":0,"comment_status":"closed","ping_status":"closed","template":"","meta":{"footnotes":""},"class_list":["post-60","page","type-page","status-publish","hentry"],"_links":{"self":[{"href":"https:\/\/xn--zeichenbrobasic-6vb.at\/index.php\/wp-json\/wp\/v2\/pages\/60","targetHints":{"allow":["GET"]}}],"collection":[{"href":"https:\/\/xn--zeichenbrobasic-6vb.at\/index.php\/wp-json\/wp\/v2\/pages"}],"about":[{"href":"https:\/\/xn--zeichenbrobasic-6vb.at\/index.php\/wp-json\/wp\/v2\/types\/page"}],"author":[{"embeddable":true,"href":"https:\/\/xn--zeichenbrobasic-6vb.at\/index.php\/wp-json\/wp\/v2\/users\/1"}],"replies":[{"embeddable":true,"href":"https:\/\/xn--zeichenbrobasic-6vb.at\/index.php\/wp-json\/wp\/v2\/comments?post=60"}],"version-history":[{"count":1,"href":"https:\/\/xn--zeichenbrobasic-6vb.at\/index.php\/wp-json\/wp\/v2\/pages\/60\/revisions"}],"predecessor-version":[{"id":61,"href":"https:\/\/xn--zeichenbrobasic-6vb.at\/index.php\/wp-json\/wp\/v2\/pages\/60\/revisions\/61"}],"wp:attachment":[{"href":"https:\/\/xn--zeichenbrobasic-6vb.at\/index.php\/wp-json\/wp\/v2\/media?parent=60"}],"curies":[{"name":"wp","href":"https:\/\/api.w.org\/{rel}","templated":true}]}}