{"id":69,"date":"2026-02-18T17:34:04","date_gmt":"2026-02-18T17:34:04","guid":{"rendered":"https:\/\/xn--zeichenbrobasic-6vb.at\/index.php\/impressum\/"},"modified":"2026-02-18T17:37:39","modified_gmt":"2026-02-18T17:37:39","slug":"impressum","status":"publish","type":"page","link":"https:\/\/xn--zeichenbrobasic-6vb.at\/index.php\/impressum\/","title":{"rendered":"IMPRESSUM"},"content":{"rendered":"\n<p class=\"has-small-font-size\"><strong>Inhaberin:<\/strong> DI Petra Basic, BSc<br>Kleiststrasse 11, 3100 St. P\u00f6lten<br><br><strong>Gewerbe:<\/strong><br>Erstellung von Reinzeichnungen aufgrund von Planungen Befugter (Zeichenb\u00fcro)<br><br><strong>Tel: <\/strong>0699 10682627<br>e-Mail: office@zeichenb\u00fcrobasic.at<br><br><strong>UID-Nr:<\/strong> ATU80206402<br>Mitglied der WK\u00d6<br><strong><br>Berufsrecht: <\/strong><br>Gewerbeordnung: www.ris.bka.gv.at<br><strong><br>Aufsichtsbeh\u00f6rde:<\/strong><br>Magistrat St. P\u00f6lten<br><strong><br>Haftung f\u00fcr Inhalte dieser Website:<\/strong><br>Die Inhalte dieser Website werden st\u00e4ndig weiterentwickelt und ich bem\u00fche mich korrekte und aktuelle Informationen bereitzustellen. Leider kann ich keine Haftung f\u00fcr die Korrektheit aller Inhalte auf dieser Website \u00fcbernehmen, speziell f\u00fcr jene, die seitens Dritter bereitgestellt wurden. Als Diensteanbieter bin ich nicht verpflichtet, die von Ihnen \u00fcbermittelten oder gespeicherten Informationen zu \u00fcberwachen oder nach Umst\u00e4nden zu forschen, die auf eine rechtswidrige T\u00e4tigkeit hinweisen.<br><strong><br>Urheberrechtshinweis<\/strong><br>Alle Inhalte dieser Webseite (Bilder, Fotos, Texte, Videos) unterliegen dem Urheberrecht. Es ist nicht gestattet diese zu kopieren, verbreiten, vervielf\u00e4ltigen oder erneuert zu ver\u00f6ffentlichen. Falls notwendig, werde ich die unerlaubte Nutzung von Teilen der Inhalte dieser Seite rechtlich verfolgen.<br><br>Die Bilder, Fotos und Grafiken auf dieser Webseite sind urheberrechtlich gesch\u00fctzt.<br><\/p>\n","protected":false},"excerpt":{"rendered":"<p>Inhaberin: DI Petra Basic, BScKleiststrasse 11, 3100 St. P\u00f6lten Gewerbe:Erstellung von Reinzeichnungen aufgrund von Planungen Befugter (Zeichenb\u00fcro) Tel: 0699 10682627e-Mail: office@zeichenb\u00fcrobasic.at UID-Nr: ATU80206402Mitglied der WK\u00d6Berufsrecht: Gewerbeordnung: www.ris.bka.gv.atAufsichtsbeh\u00f6rde:Magistrat St. P\u00f6ltenHaftung f\u00fcr Inhalte dieser Website:Die Inhalte dieser Website werden st\u00e4ndig weiterentwickelt und ich bem\u00fche mich korrekte und aktuelle Informationen bereitzustellen. Leider kann ich keine Haftung f\u00fcr die [&hellip;]<\/p>\n","protected":false},"author":1,"featured_media":0,"parent":0,"menu_order":0,"comment_status":"closed","ping_status":"closed","template":"","meta":{"footnotes":""},"class_list":["post-69","page","type-page","status-publish","hentry"],"_links":{"self":[{"href":"https:\/\/xn--zeichenbrobasic-6vb.at\/index.php\/wp-json\/wp\/v2\/pages\/69","targetHints":{"allow":["GET"]}}],"collection":[{"href":"https:\/\/xn--zeichenbrobasic-6vb.at\/index.php\/wp-json\/wp\/v2\/pages"}],"about":[{"href":"https:\/\/xn--zeichenbrobasic-6vb.at\/index.php\/wp-json\/wp\/v2\/types\/page"}],"author":[{"embeddable":true,"href":"https:\/\/xn--zeichenbrobasic-6vb.at\/index.php\/wp-json\/wp\/v2\/users\/1"}],"replies":[{"embeddable":true,"href":"https:\/\/xn--zeichenbrobasic-6vb.at\/index.php\/wp-json\/wp\/v2\/comments?post=69"}],"version-history":[{"count":2,"href":"https:\/\/xn--zeichenbrobasic-6vb.at\/index.php\/wp-json\/wp\/v2\/pages\/69\/revisions"}],"predecessor-version":[{"id":75,"href":"https:\/\/xn--zeichenbrobasic-6vb.at\/index.php\/wp-json\/wp\/v2\/pages\/69\/revisions\/75"}],"wp:attachment":[{"href":"https:\/\/xn--zeichenbrobasic-6vb.at\/index.php\/wp-json\/wp\/v2\/media?parent=69"}],"curies":[{"name":"wp","href":"https:\/\/api.w.org\/{rel}","templated":true}]}}